{"id":103,"date":"2018-04-17T00:06:10","date_gmt":"2018-04-17T03:06:10","guid":{"rendered":"http:\/\/www.aeromissoes.com.br\/?page_id=103"},"modified":"2018-04-17T00:06:10","modified_gmt":"2018-04-17T03:06:10","slug":"trabalho-em-equipe","status":"publish","type":"page","link":"https:\/\/www.aeromissoes.com.br\/index.php\/trabalho-em-equipe\/","title":{"rendered":"Trabalho em equipe"},"content":{"rendered":"<p>Prepara\u00e7\u00f5es para voo classificat\u00f3rio no Torneio de Acesso 2017<\/p>\n","protected":false},"excerpt":{"rendered":"<p>Prepara\u00e7\u00f5es para voo classificat\u00f3rio no Torneio de Acesso 2017<\/p>\n","protected":false},"author":2,"featured_media":101,"parent":0,"menu_order":0,"comment_status":"closed","ping_status":"closed","template":"","meta":{"footnotes":""},"_links":{"self":[{"href":"https:\/\/www.aeromissoes.com.br\/index.php\/wp-json\/wp\/v2\/pages\/103"}],"collection":[{"href":"https:\/\/www.aeromissoes.com.br\/index.php\/wp-json\/wp\/v2\/pages"}],"about":[{"href":"https:\/\/www.aeromissoes.com.br\/index.php\/wp-json\/wp\/v2\/types\/page"}],"author":[{"embeddable":true,"href":"https:\/\/www.aeromissoes.com.br\/index.php\/wp-json\/wp\/v2\/users\/2"}],"replies":[{"embeddable":true,"href":"https:\/\/www.aeromissoes.com.br\/index.php\/wp-json\/wp\/v2\/comments?post=103"}],"version-history":[{"count":1,"href":"https:\/\/www.aeromissoes.com.br\/index.php\/wp-json\/wp\/v2\/pages\/103\/revisions"}],"predecessor-version":[{"id":104,"href":"https:\/\/www.aeromissoes.com.br\/index.php\/wp-json\/wp\/v2\/pages\/103\/revisions\/104"}],"wp:featuredmedia":[{"embeddable":true,"href":"https:\/\/www.aeromissoes.com.br\/index.php\/wp-json\/wp\/v2\/media\/101"}],"wp:attachment":[{"href":"https:\/\/www.aeromissoes.com.br\/index.php\/wp-json\/wp\/v2\/media?parent=103"}],"curies":[{"name":"wp","href":"https:\/\/api.w.org\/{rel}","templated":true}]}}