{"id":105,"date":"2018-04-17T00:07:03","date_gmt":"2018-04-17T03:07:03","guid":{"rendered":"http:\/\/www.aeromissoes.com.br\/?page_id=105"},"modified":"2018-04-17T00:07:03","modified_gmt":"2018-04-17T03:07:03","slug":"projeto-ceu-azul","status":"publish","type":"page","link":"https:\/\/www.aeromissoes.com.br\/index.php\/projeto-ceu-azul\/","title":{"rendered":"Projeto C\u00e9u Azul"},"content":{"rendered":"<p>A equipe AeroMiss\u00f5es se faz presente em oficinas nas escolas da regi\u00e3o, promovendo integra\u00e7\u00e3o entre universidade e escolas.<\/p>\n","protected":false},"excerpt":{"rendered":"<p>A equipe AeroMiss\u00f5es se faz presente em oficinas nas escolas da regi\u00e3o, promovendo integra\u00e7\u00e3o entre universidade e escolas.<\/p>\n","protected":false},"author":2,"featured_media":100,"parent":0,"menu_order":0,"comment_status":"closed","ping_status":"closed","template":"","meta":{"footnotes":""},"_links":{"self":[{"href":"https:\/\/www.aeromissoes.com.br\/index.php\/wp-json\/wp\/v2\/pages\/105"}],"collection":[{"href":"https:\/\/www.aeromissoes.com.br\/index.php\/wp-json\/wp\/v2\/pages"}],"about":[{"href":"https:\/\/www.aeromissoes.com.br\/index.php\/wp-json\/wp\/v2\/types\/page"}],"author":[{"embeddable":true,"href":"https:\/\/www.aeromissoes.com.br\/index.php\/wp-json\/wp\/v2\/users\/2"}],"replies":[{"embeddable":true,"href":"https:\/\/www.aeromissoes.com.br\/index.php\/wp-json\/wp\/v2\/comments?post=105"}],"version-history":[{"count":1,"href":"https:\/\/www.aeromissoes.com.br\/index.php\/wp-json\/wp\/v2\/pages\/105\/revisions"}],"predecessor-version":[{"id":106,"href":"https:\/\/www.aeromissoes.com.br\/index.php\/wp-json\/wp\/v2\/pages\/105\/revisions\/106"}],"wp:featuredmedia":[{"embeddable":true,"href":"https:\/\/www.aeromissoes.com.br\/index.php\/wp-json\/wp\/v2\/media\/100"}],"wp:attachment":[{"href":"https:\/\/www.aeromissoes.com.br\/index.php\/wp-json\/wp\/v2\/media?parent=105"}],"curies":[{"name":"wp","href":"https:\/\/api.w.org\/{rel}","templated":true}]}}