{"id":16,"date":"2018-04-09T21:59:39","date_gmt":"2018-04-10T00:59:39","guid":{"rendered":"http:\/\/www.aeromissoes.com.br\/?page_id=16"},"modified":"2018-05-15T02:23:35","modified_gmt":"2018-05-15T05:23:35","slug":"historico","status":"publish","type":"page","link":"https:\/\/www.aeromissoes.com.br\/index.php\/historico\/","title":{"rendered":"Hist\u00f3rico"},"content":{"rendered":"<div id=\"comp-jfyxs210\" class=\"txtNew\" data-packed=\"true\">\n<h2 class=\"font_2\">A equipe AeroMiss\u00f5es<\/h2>\n<\/div>\n<div id=\"comp-jfyxrfuv\" class=\"txtNew\" data-packed=\"false\" data-min-height=\"144\">\n<p class=\"font_8\">Em 2006, ano comemorativo do Centen\u00e1rio do V\u00f4o de Alberto Santos Dumont com o 14 BIS, a competi\u00e7\u00e3o SAE AeroDesign organizada pela SAE Brasil despertou o interesse dos alunos do curso de Engenharia Mec\u00e2nica da URI que formaram uma Equipe disposta a participar deste evento e representar o nome da Universidade.<\/p>\n<p class=\"font_8\">Sob a orienta\u00e7\u00e3o do Prof. Dr. S\u00e2ndi Itamar S. de Souza, a Equipe denominada AeroMiss\u00f5es, em homenagem aos 300 anos comemorativos de Santo \u00c2ngelo Cust\u00f3dio, destaca-se por ser pioneira no desenvolvimento do Projeto na URI.<\/p>\n<p class=\"font_8\">Ao passar do tempo a equipe teve de ser renovada. Todo o ano, novos estudantes de engenharia mec\u00e2nica comp\u00f5em a equipe, dando lugar aqueles que ajudaram a evoluir o racioc\u00ednio em projetar aeronaves.<\/p>\n<p class=\"font_8\">Abaixo segue a classifica\u00e7\u00e3o da equipe AeroMiss\u00f5es em todos os anos que participou do evento.<\/p>\n<\/div>\n<div id=\"comp-jfyup7py\" class=\"txtNew\" data-packed=\"true\">\n<h2 class=\"font_2\">2016<\/h2>\n<\/div>\n<div id=\"comp-jfyuooeu\" class=\"txtNew\" data-packed=\"false\" data-min-height=\"156\">\n<p class=\"font_7\">\u00a0 \u00a0 \u00a0 \u00a0 \u00a0No ano de 2016 a equipe retoma as atividades apos dois\u00a0anos desativada e alcan\u00e7a a segunda coloca\u00e7\u00e3o no Torneio de Acesso a competi\u00e7\u00e3o 2018.<\/p>\n<p class=\"font_7\"><img decoding=\"async\" id=\"comp-jfyuo8adimgimage\" style=\"font-size: 1.5rem;\" src=\"https:\/\/static.wixstatic.com\/media\/a825d6_9cb3222ecc2543bfae6f63fe96d79547~mv2_d_4896_3672_s_4_2.jpg\/v1\/fill\/w_249,h_213,al_c,q_80,usm_0.66_1.00_0.01\/a825d6_9cb3222ecc2543bfae6f63fe96d79547~mv2_d_4896_3672_s_4_2.webp\" alt=\"\" data-type=\"image\" \/><\/p>\n<\/div>\n<div id=\"comp-jfyv2mzq\" class=\"txtNew\" data-packed=\"true\">\n<h2 class=\"font_2\">2014<\/h2>\n<\/div>\n<div id=\"comp-jfyutiae\" class=\"txtNew\" data-packed=\"true\">\n<p class=\"font_7\">Em 2014 a equipe alcan\u00e7ou a 35\u00aa posi\u00e7\u00e3o na competi\u00e7\u00e3o oficial em S\u00e3o Paulo<\/p>\n<h2 class=\"font_2\"><img decoding=\"async\" id=\"comp-jfyv8ze6imgimage\" style=\"font-size: 1.5rem;\" src=\"https:\/\/static.wixstatic.com\/media\/a825d6_8e3201b73a434bf796297fb1fc7d9fdf~mv2.jpg\/v1\/fill\/w_247,h_213,al_c,q_80,usm_0.66_1.00_0.01\/a825d6_8e3201b73a434bf796297fb1fc7d9fdf~mv2.webp\" alt=\"\" data-type=\"image\" \/><\/h2>\n<\/div>\n<div id=\"comp-jfyv9x5z\" class=\"txtNew\" data-packed=\"true\">\n<h2 class=\"font_2\">2013<\/h2>\n<\/div>\n<div id=\"comp-jfyvcitw\" class=\"txtNew\" data-packed=\"true\">\n<p class=\"font_7\">No ano de 2013\u00a0a equipe teve um desempenho abaixo da m\u00e9dia, n\u00e3o entrando nos 30 melhores colocados.<img decoding=\"async\" id=\"comp-jfyv3tevimgimage\" style=\"font-size: 1.5rem;\" src=\"https:\/\/static.wixstatic.com\/media\/a825d6_26a151430b19414fa65194cc392ac7d8~mv2.jpg\/v1\/fill\/w_247,h_213,al_c,q_80,usm_0.66_1.00_0.01\/a825d6_26a151430b19414fa65194cc392ac7d8~mv2.webp\" alt=\"\" data-type=\"image\" \/><\/p>\n<\/div>\n<div id=\"comp-jfyvuizk\" class=\"txtNew\" data-packed=\"true\">\n<h2 class=\"font_2\">2012<\/h2>\n<\/div>\n<div id=\"comp-jfyvuuix\" class=\"txtNew\" data-packed=\"true\">\n<p class=\"font_7\">Em 2012 a equipe ficou com a 58\u00aa posi\u00e7\u00e3o<\/p>\n<p class=\"font_7\"><span class=\"wixGuard\">\u200b<\/span><\/p>\n<p class=\"font_7\"><span class=\"wixGuard\">\u200b<\/span><\/p>\n<\/div>\n<div id=\"comp-jfyvwi1v\" class=\"txtNew\" data-packed=\"true\">\n<h2 class=\"font_2\">2011<\/h2>\n<\/div>\n<div id=\"comp-jfyvwzcm\" class=\"txtNew\" data-packed=\"true\">\n<p class=\"font_7\">Em 2011 a equipe se manteve\u00a0 om bons resultados na competi\u00e7\u00e3o, ficando com o 13\u00ba lugar geral.<\/p>\n<p class=\"font_7\"><img decoding=\"async\" id=\"comp-jfywu1vpimgimage\" style=\"font-size: 1.5rem;\" src=\"https:\/\/static.wixstatic.com\/media\/a825d6_b2164d5bc8ea401b82ab7ba432288daf~mv2.jpg\/v1\/fill\/w_244,h_213,al_c,q_80,usm_0.66_1.00_0.01\/a825d6_b2164d5bc8ea401b82ab7ba432288daf~mv2.webp\" alt=\"\" data-type=\"image\" \/><\/p>\n<\/div>\n<div id=\"comp-jfyw9hr5\" class=\"txtNew\" data-packed=\"true\">\n<h2 class=\"font_2\">2010<\/h2>\n<\/div>\n<div id=\"comp-jfyw9vou\" class=\"txtNew\" data-packed=\"true\">\n<p class=\"font_7\">Em 2010 a equipe obteve sua melhor coloca\u00e7\u00e3o, 10\u00ba lugar geral ultrapassando outras grandes universidades do pais.<\/p>\n<\/div>\n<div id=\"comp-jfywax9l\" class=\"wp2\" title=\"\" data-exact-height=\"213\" data-content-padding-horizontal=\"0\" data-content-padding-vertical=\"0\">\n<div id=\"comp-jfywax9llink\" class=\"wp2link\">\n<div id=\"comp-jfywax9limg\" class=\"wp2img\" data-style=\"\"><img decoding=\"async\" id=\"comp-jfywax9limgimage\" src=\"https:\/\/static.wixstatic.com\/media\/a825d6_f113fd7b521f44e2bf8d667639a11a6f~mv2.jpg\/v1\/fill\/w_245,h_213,al_c,q_80,usm_0.66_1.00_0.01\/a825d6_f113fd7b521f44e2bf8d667639a11a6f~mv2.webp\" alt=\"\" data-type=\"image\" \/><\/div>\n<\/div>\n<\/div>\n<div id=\"comp-jfywcz5o\" class=\"txtNew\" data-packed=\"true\">\n<h2 class=\"font_2\">2009<\/h2>\n<\/div>\n<div id=\"comp-jfywd509\" class=\"txtNew\" data-packed=\"true\">\n<p class=\"font_7\">Em 2010 a equipe obteve sua melhor coloca\u00e7\u00e3o, 10\u00ba lugar geral ultrapassando outras grandes universidades do pais.<img decoding=\"async\" id=\"comp-jfyweyt2imgimage\" style=\"font-size: 1.5rem;\" src=\"https:\/\/static.wixstatic.com\/media\/a825d6_9334a63a3a0b4031b50ae21f03d53f37~mv2.jpg\/v1\/fill\/w_245,h_213,al_c,q_80,usm_0.66_1.00_0.01\/a825d6_9334a63a3a0b4031b50ae21f03d53f37~mv2.webp\" alt=\"\" data-type=\"image\" \/><\/p>\n<\/div>\n<div id=\"comp-jfywfrv1\" class=\"txtNew\" data-packed=\"true\">\n<h2 class=\"font_2\">2008<\/h2>\n<\/div>\n<div id=\"comp-jfywg7i7\" class=\"txtNew\" data-packed=\"true\">\n<p class=\"font_7\">O biplano constru\u00eddo para competi\u00e7\u00e3o de 2008, embora tenha ficado na 23\u00aa coloca\u00e7\u00e3o ficou marcado na hist\u00f3ria como um dos avi\u00f5es mais belos da competi\u00e7\u00e3o.<\/p>\n<\/div>\n<div id=\"comp-jfywhmtf\" class=\"wp2\" title=\"\" data-exact-height=\"213\" data-content-padding-horizontal=\"0\" data-content-padding-vertical=\"0\">\n<div id=\"comp-jfywhmtflink\" class=\"wp2link\">\n<div id=\"comp-jfywhmtfimg\" class=\"wp2img\" data-style=\"\"><img decoding=\"async\" id=\"comp-jfywhmtfimgimage\" src=\"https:\/\/static.wixstatic.com\/media\/a825d6_6d09ba62fed54d34ba00573302ab526d~mv2.jpg\/v1\/fill\/w_245,h_213,al_c,q_80,usm_0.66_1.00_0.01\/a825d6_6d09ba62fed54d34ba00573302ab526d~mv2.webp\" alt=\"\" data-type=\"image\" \/><\/div>\n<\/div>\n<\/div>\n<div id=\"comp-jfywl844\" class=\"txtNew\" data-packed=\"true\">\n<h2 class=\"font_2\">2007<\/h2>\n<\/div>\n<div id=\"comp-jfywle37\" class=\"txtNew\" data-packed=\"true\">\n<p class=\"font_7\">No ano de 2007, em seu segundo ano de competi\u00e7\u00e3o a equipe se aventura fabricando seu primeiro avi\u00e3o bi-plano, alcan\u00e7ando a 26\u00aa classifica\u00e7\u00e3o.<\/p>\n<p class=\"font_7\"><img decoding=\"async\" id=\"comp-jfyx4hw2imgimage\" style=\"font-size: 1.5rem;\" src=\"https:\/\/static.wixstatic.com\/media\/a825d6_e0bbd827c93944b28f182bb74b3bc60e~mv2.jpeg\/v1\/fill\/w_245,h_213,al_c,q_80,usm_0.66_1.00_0.01\/a825d6_e0bbd827c93944b28f182bb74b3bc60e~mv2.webp\" alt=\"\" data-type=\"image\" \/><\/p>\n<\/div>\n<div id=\"comp-jfywxawy\" class=\"txtNew\" data-packed=\"true\">\n<h2 class=\"font_2\">2006<\/h2>\n<\/div>\n<div id=\"comp-jfywxi7b\" class=\"txtNew\" data-packed=\"true\">\n<p class=\"font_7\">O inicio de tudo! Em 2006 atrav\u00e9s da iniciativa de alguns alunos da gradua\u00e7\u00e3o, inicia-se a equipe AeroMiss\u00f5es. Equipe sem experiencia alguma na \u00e1rea\u00a0que mesmo assim atingiu a 28\u00aa posi\u00e7\u00e3o na classifica\u00e7\u00e3o geral.<\/p>\n<\/div>\n<div id=\"comp-jfywyxhz\" class=\"wp2\" title=\"\" data-exact-height=\"213\" data-content-padding-horizontal=\"0\" data-content-padding-vertical=\"0\">\n<div id=\"comp-jfywyxhzlink\" class=\"wp2link\">\n<div id=\"comp-jfywyxhzimg\" class=\"wp2img\" data-style=\"\"><img decoding=\"async\" id=\"comp-jfywyxhzimgimage\" src=\"https:\/\/static.wixstatic.com\/media\/a825d6_9d126428373a4d46815e38516fe7bf5f~mv2.jpg\/v1\/fill\/w_245,h_213,al_c,q_80,usm_0.66_1.00_0.01\/a825d6_9d126428373a4d46815e38516fe7bf5f~mv2.webp\" alt=\"\" data-type=\"image\" \/><\/div>\n<\/div>\n<\/div>\n","protected":false},"excerpt":{"rendered":"<p>A equipe AeroMiss\u00f5es Em 2006, ano comemorativo do Centen\u00e1rio do V\u00f4o de Alberto Santos Dumont com o 14 BIS, a competi\u00e7\u00e3o SAE AeroDesign organizada pela SAE Brasil despertou o interesse dos alunos do curso de Engenharia Mec\u00e2nica da URI que <a class=\"more-link\" href=\"https:\/\/www.aeromissoes.com.br\/index.php\/historico\/\">Leia mais&#8230; &raquo;<\/a><\/p>\n","protected":false},"author":2,"featured_media":0,"parent":0,"menu_order":0,"comment_status":"closed","ping_status":"closed","template":"","meta":{"footnotes":""},"_links":{"self":[{"href":"https:\/\/www.aeromissoes.com.br\/index.php\/wp-json\/wp\/v2\/pages\/16"}],"collection":[{"href":"https:\/\/www.aeromissoes.com.br\/index.php\/wp-json\/wp\/v2\/pages"}],"about":[{"href":"https:\/\/www.aeromissoes.com.br\/index.php\/wp-json\/wp\/v2\/types\/page"}],"author":[{"embeddable":true,"href":"https:\/\/www.aeromissoes.com.br\/index.php\/wp-json\/wp\/v2\/users\/2"}],"replies":[{"embeddable":true,"href":"https:\/\/www.aeromissoes.com.br\/index.php\/wp-json\/wp\/v2\/comments?post=16"}],"version-history":[{"count":5,"href":"https:\/\/www.aeromissoes.com.br\/index.php\/wp-json\/wp\/v2\/pages\/16\/revisions"}],"predecessor-version":[{"id":130,"href":"https:\/\/www.aeromissoes.com.br\/index.php\/wp-json\/wp\/v2\/pages\/16\/revisions\/130"}],"wp:attachment":[{"href":"https:\/\/www.aeromissoes.com.br\/index.php\/wp-json\/wp\/v2\/media?parent=16"}],"curies":[{"name":"wp","href":"https:\/\/api.w.org\/{rel}","templated":true}]}}