{"id":2,"date":"2018-04-09T15:33:49","date_gmt":"2018-04-09T18:33:49","guid":{"rendered":"http:\/\/www.aeromissoes.com.br\/?page_id=2"},"modified":"2018-05-15T01:34:54","modified_gmt":"2018-05-15T04:34:54","slug":"pagina-exemplo","status":"publish","type":"page","link":"https:\/\/www.aeromissoes.com.br\/index.php\/pagina-exemplo\/","title":{"rendered":"Sobre n\u00f3s"},"content":{"rendered":"<section id=\"comp-jfy7g45v\" class=\"strc1\" data-responsive=\"true\">\n<div id=\"comp-jfy7g45vinlineContent\" class=\"strc1inlineContent\">\n<div id=\"comp-jfy7g45v1\" class=\"strc1\" data-content-width=\"980\">\n<div id=\"comp-jfy7g45v1inlineContent\" class=\"strc1inlineContent\">\n<section id=\"comp-jfjmvzjs\" class=\"strc1\" data-responsive=\"true\">\n<div id=\"comp-jfjmvzjsinlineContent\" class=\"strc1inlineContent\">\n<div id=\"mediajfy7emuk1\" class=\"strc1\" data-content-width=\"980\">\n<div id=\"mediajfy7emuk1balata\" class=\"strc1balata\" data-page-id=\"t9ua6\" data-enable-video=\"true\" data-bg-effect-name=\"\" data-media-type=\"\" data-media-video-type=\"\" data-render-fixed-position=\"true\" data-use-clip-path=\"\">\n<div id=\"mediajfy7emuk1balatabgcolor\" class=\"bgColor\"><\/div>\n<\/div>\n<div id=\"mediajfy7emuk1inlineContent\" class=\"strc1inlineContent\">\n<nav id=\"comp-jfyumabj\" class=\"style-jfy8hjs0\" dir=\"ltr\" data-menuborder-y=\"0\" data-menubtn-border=\"0\" data-ribbon-els=\"0\" data-label-pad=\"13\" data-ribbon-extra=\"0\" data-drophposition=\"\" data-dropalign=\"center\" data-state=\"center notMobile\" data-dropmode=\"dropDown\">\n<ul id=\"comp-jfyumabjitemsContainer\" class=\"style-jfy8hjs0itemsContainer\" role=\"navigation\" aria-label=\"Site navigation\">\n<li id=\"comp-jfyumabj5\" class=\"style-jfy8hjs0repeaterButton\" data-direction=\"ltr\" data-listposition=\"right\" data-data-id=\"dataItem-jfy8lmij\" data-state=\"menu idle link notMobile\" data-original-gap-between-text-and-btn=\"1\" aria-hidden=\"false\">\n<div id=\"comp-jfyumabj5labelPad\" class=\"style-jfy8hjs0repeaterButtonlabelPad\">\n<div class=\"style-jfy8hjs0repeaterButton_outer style-jfy8hjs0repeaterButton_arr\"><img decoding=\"async\" id=\"comp-jfytqx7vimgimage\" style=\"font-size: 1.5rem;\" src=\"https:\/\/static.wixstatic.com\/media\/a825d6_7635acaa540140ae8b46631b6bba0060~mv2_d_4000_2657_s_4_2.jpg\/v1\/fill\/w_766,h_508,al_c,q_85,usm_0.66_1.00_0.01\/a825d6_7635acaa540140ae8b46631b6bba0060~mv2_d_4000_2657_s_4_2.webp\" alt=\"\" data-type=\"image\" \/><\/div>\n<\/div>\n<\/li>\n<\/ul>\n<\/nav>\n<div id=\"comp-jfjmvzk5\" class=\"c1\">\n<div id=\"comp-jfjmvzk5inlineContent\" class=\"c1inlineContent\">\n<div id=\"comp-jfjmvzk9\" class=\"blog_e000b4bf-9ff1-4e66-a0d3-d4b365ba3af5_1\" data-state=\"content\" data-dynamic-height=\"true\">\n<div id=\"comp-jfjmvzk9inlineContent\" class=\"blog_e000b4bf-9ff1-4e66-a0d3-d4b365ba3af5_1inlineContent\">\n<div id=\"TagCloud_Array__0\" class=\" \">\n<div id=\"comp-jfjmvzk9_TagCloud_Array__0_0_def_0_true\" class=\" flex_vbox\">\n<div id=\"comp-jfjmvzk9_TagCloud_Array__0_0_def_2\" class=\"s_usaAWRichTextClickableSkin\" data-packed=\"false\">\n<div id=\"comp-jfjmvzk9_TagCloud_Array__0_0_def_2richTextContainer\" class=\"s_usaAWRichTextClickableSkin_richTextContainer s_usaAWRichTextClickableSkinrichTextContainer\">\n<p class=\"font_8\">\n<\/div>\n<\/div>\n<\/div>\n<\/div>\n<\/div>\n<\/div>\n<\/div>\n<\/div>\n<\/div>\n<\/div>\n<\/div>\n<\/section>\n<div id=\"comp-jfyxi761\" class=\"wp2\" title=\"\" data-exact-height=\"114\" data-content-padding-horizontal=\"0\" data-content-padding-vertical=\"0\">\n<div id=\"comp-jfyxi761link\" class=\"wp2link\">\n<div id=\"comp-jfyxi761img\" class=\"wp2img\" data-style=\"\"><img decoding=\"async\" id=\"comp-jfyxi761imgimage\" src=\"https:\/\/static.wixstatic.com\/media\/a825d6_7388b531ab5047498d85ec86d343fb85~mv2.jpg\/v1\/fill\/w_114,h_114,al_c,q_80,usm_0.66_1.00_0.01\/a825d6_7388b531ab5047498d85ec86d343fb85~mv2.webp\" alt=\"\" data-type=\"image\" \/><\/div>\n<\/div>\n<\/div>\n<\/div>\n<\/div>\n<\/div>\n<\/section>\n<div id=\"comp-jfyatia2\" class=\"txtNew\" data-packed=\"false\" data-min-height=\"222\">\n<p class=\"font_8\">A Equipe AeroMiss\u00f5es \u00e9 formada por acad\u00eamicos do curso de Engenharia Mec\u00e2nica e El\u00e9trica da URI Santo \u00c2ngelo.<\/p>\n<p class=\"font_8\">Desde 2006, a Equipe AeroMiss\u00f5es, formada por acad\u00eamicos do curso de Engenharia Mec\u00e2nica e El\u00e9trica da URI Santo \u00c2ngelo, projeta e constr\u00f3i aeronaves cargueiras com o intuito de competir no evento SAE Brasil Aerodesign, que ocorre anualmente no DCTA\u00a0 \u00a0( Departamento de Ci\u00eancia e Tecnologia Aeroespacial ) em S\u00e3o Jos\u00e9 dos Campos no estado de S\u00e3o Paulo. O desenvolvimento de conhecimentos, valores e habilidades est\u00e1 diretamente ligado ao envolvimento dos acad\u00eamicos com as cadeiras, projetos de extens\u00e3o e\/ou pesquisa realizados na URI Santo \u00c2ngelo.<\/p>\n<p class=\"font_8\">\u00a0A Equipe AeroMiss\u00f5es oferece aos acad\u00eamicos da engenharia mec\u00e2nica e el\u00e9trica uma oportunidade de aflorar estes conceitos t\u00e3o \u00fateis, sen\u00e3o indispens\u00e1veis, ao desenvolvimento pessoal e profissional no desejo que estes sejam reconhecidos por sua compet\u00eancia, \u00e9tica, efici\u00eancia, excel\u00eancia, seguran\u00e7a e confian\u00e7a; tanto quanto pela transpar\u00eancia, profissionalismo, objetividade, pontualidade, integra\u00e7\u00e3o, agilidade, flexibilidade e tantos outros valores profissionais.<\/p>\n<\/div>\n","protected":false},"excerpt":{"rendered":"<p>A Equipe AeroMiss\u00f5es \u00e9 formada por acad\u00eamicos do curso de Engenharia Mec\u00e2nica e El\u00e9trica da URI Santo \u00c2ngelo. Desde 2006, a Equipe AeroMiss\u00f5es, formada por acad\u00eamicos do curso de Engenharia Mec\u00e2nica e El\u00e9trica da URI Santo \u00c2ngelo, projeta e constr\u00f3i <a class=\"more-link\" href=\"https:\/\/www.aeromissoes.com.br\/index.php\/pagina-exemplo\/\">Leia mais&#8230; &raquo;<\/a><\/p>\n","protected":false},"author":1,"featured_media":0,"parent":0,"menu_order":0,"comment_status":"closed","ping_status":"open","template":"","meta":{"footnotes":""},"_links":{"self":[{"href":"https:\/\/www.aeromissoes.com.br\/index.php\/wp-json\/wp\/v2\/pages\/2"}],"collection":[{"href":"https:\/\/www.aeromissoes.com.br\/index.php\/wp-json\/wp\/v2\/pages"}],"about":[{"href":"https:\/\/www.aeromissoes.com.br\/index.php\/wp-json\/wp\/v2\/types\/page"}],"author":[{"embeddable":true,"href":"https:\/\/www.aeromissoes.com.br\/index.php\/wp-json\/wp\/v2\/users\/1"}],"replies":[{"embeddable":true,"href":"https:\/\/www.aeromissoes.com.br\/index.php\/wp-json\/wp\/v2\/comments?post=2"}],"version-history":[{"count":3,"href":"https:\/\/www.aeromissoes.com.br\/index.php\/wp-json\/wp\/v2\/pages\/2\/revisions"}],"predecessor-version":[{"id":126,"href":"https:\/\/www.aeromissoes.com.br\/index.php\/wp-json\/wp\/v2\/pages\/2\/revisions\/126"}],"wp:attachment":[{"href":"https:\/\/www.aeromissoes.com.br\/index.php\/wp-json\/wp\/v2\/media?parent=2"}],"curies":[{"name":"wp","href":"https:\/\/api.w.org\/{rel}","templated":true}]}}