{"id":25,"date":"2018-04-09T23:00:07","date_gmt":"2018-04-10T02:00:07","guid":{"rendered":"http:\/\/www.aeromissoes.com.br\/?page_id=25"},"modified":"2018-05-15T03:08:43","modified_gmt":"2018-05-15T06:08:43","slug":"competicao","status":"publish","type":"page","link":"https:\/\/www.aeromissoes.com.br\/index.php\/competicao\/","title":{"rendered":"Competi\u00e7\u00e3o"},"content":{"rendered":"<div id=\"comp-jfyxpekt\" class=\"txtNew\" data-packed=\"true\">\n<h2 class=\"font_2\"><\/h2>\n<\/div>\n<div id=\"comp-jfyxo07g\" class=\"txtNew\" data-packed=\"false\" data-min-height=\"322\">\n<p class=\"font_8\">A competi\u00e7\u00e3o acontece a alguns anos nos Estados Unidos sendo realizado pela SAE (Society of Automotive Engineers) envolvendo representantes de escolas de v\u00e1rios pa\u00edses da Europa e das Am\u00e9ricas, sendo que em 1999, o evento foi trazido para o Brasil, em conjunto com a EMBRAER, com o intuito de estimular o interesse na \u00e1rea aeron\u00e1utica.<\/p>\n<p class=\"font_8\">Assim, o projeto consiste em um desafio de projeto que re\u00fane estudantes universit\u00e1rios de gradua\u00e7\u00e3o e p\u00f3s-gradua\u00e7\u00e3o em Engenharia, F\u00edsica e Ci\u00eancias Mec\u00e2nicas e Aeron\u00e1uticas das principais universidades do Brasil, atra\u00eddos pelo desafio de projetar, documentar, construir e voar um avi\u00e3o em escala reduzida sendo r\u00e1dio controlado para elevar a maior carga \u00fatil poss\u00edvel.<\/p>\n<p class=\"font_8\">Com isso, a primeira edi\u00e7\u00e3o realizou-se em 1999 na Associa\u00e7\u00e3o Joseense de Aeromodelismo, e a partir do ano de 2004, nas instala\u00e7\u00f5es do Centro T\u00e9cnico Aeroespacial (CTA), todas em S\u00e3o Paulo. O evento tem crescido gradativamente, pois centenas de estudantes universit\u00e1rios buscam ampliar o seu aprendizado, colocando em pr\u00e1tica os conhecimentos adquiridos em sala de aula em conjunto com novos conhecimentos adquiridos com o decorrer do evento.<\/p>\n<p class=\"font_8\">Um aspecto muito relevante do evento tem a ver com a oportunidade de crescimento e amadurecimento que ele oferece a jovens em fase de forma\u00e7\u00e3o profissional. A possibilidade de participar, em equipe, do desenvolvimento de um projeto, desde os primeiros estudos da fase de concep\u00e7\u00e3o at\u00e9 a constru\u00e7\u00e3o e teste do produto final, quando estar\u00e1 pronto para ser colocado \u00e0 prova em ambiente de competi\u00e7\u00e3o, diante de concorrentes concebidos com o mesmo objetivo, constitui na verdade uma antecipa\u00e7\u00e3o do cen\u00e1rio que caracteriza a vida, sen\u00e3o de todos, da grande maioria dos profissionais da engenharia.<\/p>\n<p class=\"font_8\">Atrav\u00e9s deste enfoque, o projeto visa simular uma situa\u00e7\u00e3o real de desenvolvimento de um projeto de engenharia com todos os desafios que envolvem o mesmo, oferecendo uma oportunidade \u00fanica aos estudantes universit\u00e1rios de desenvolverem um projeto completo, multidisciplinar e desafiador envolvendo desafios de v\u00e1rias naturezas que eles encontrar\u00e3o na sua vida profissional: t\u00e9cnicos, interpessoais, financeiros, prazos restritos, etc. Com isso, o pr\u00eamio para as duas primeiras equipes do evento brasileiro ganham o direito de participar do evento nos Estados Unidos da Am\u00e9rica promovido pela SAE.<\/p>\n<p class=\"font_8\">Segundo dados da SAE, ex-participantes do SAE AeroDesign fazem parte de equipes de desenvolvimento de aeronaves, os quais atuam na ind\u00fastria aeroespacial e de tecnologia em geral, em grandes empresas brasileiras sendo v\u00e1rios convidados a desenvolver trabalho semelhante no exterior, sendo tal evento apoiado por grandes industrias do setor tecnol\u00f3gico como a EMBRAER, GE, Rolls-Royce, United Technologies, C&amp;D, Aerospace, Dassault Aviation, Parker, SAP, Kawasaki, Corus, Goodrich, al\u00e9m de outras empresas motivadas pela possibilidade de unir sua imagem a modernidade e que se interessam por contribuir para a forma\u00e7\u00e3o de engenheiros diferenciados.<\/p>\n<\/div>\n","protected":false},"excerpt":{"rendered":"<p>A competi\u00e7\u00e3o acontece a alguns anos nos Estados Unidos sendo realizado pela SAE (Society of Automotive Engineers) envolvendo representantes de escolas de v\u00e1rios pa\u00edses da Europa e das Am\u00e9ricas, sendo que em 1999, o evento foi trazido para o Brasil, <a class=\"more-link\" href=\"https:\/\/www.aeromissoes.com.br\/index.php\/competicao\/\">Leia mais&#8230; &raquo;<\/a><\/p>\n","protected":false},"author":2,"featured_media":0,"parent":0,"menu_order":0,"comment_status":"closed","ping_status":"closed","template":"","meta":{"footnotes":""},"_links":{"self":[{"href":"https:\/\/www.aeromissoes.com.br\/index.php\/wp-json\/wp\/v2\/pages\/25"}],"collection":[{"href":"https:\/\/www.aeromissoes.com.br\/index.php\/wp-json\/wp\/v2\/pages"}],"about":[{"href":"https:\/\/www.aeromissoes.com.br\/index.php\/wp-json\/wp\/v2\/types\/page"}],"author":[{"embeddable":true,"href":"https:\/\/www.aeromissoes.com.br\/index.php\/wp-json\/wp\/v2\/users\/2"}],"replies":[{"embeddable":true,"href":"https:\/\/www.aeromissoes.com.br\/index.php\/wp-json\/wp\/v2\/comments?post=25"}],"version-history":[{"count":7,"href":"https:\/\/www.aeromissoes.com.br\/index.php\/wp-json\/wp\/v2\/pages\/25\/revisions"}],"predecessor-version":[{"id":132,"href":"https:\/\/www.aeromissoes.com.br\/index.php\/wp-json\/wp\/v2\/pages\/25\/revisions\/132"}],"wp:attachment":[{"href":"https:\/\/www.aeromissoes.com.br\/index.php\/wp-json\/wp\/v2\/media?parent=25"}],"curies":[{"name":"wp","href":"https:\/\/api.w.org\/{rel}","templated":true}]}}