{"id":98,"date":"2018-04-17T00:05:10","date_gmt":"2018-04-17T03:05:10","guid":{"rendered":"http:\/\/www.aeromissoes.com.br\/?page_id=98"},"modified":"2018-04-22T21:54:28","modified_gmt":"2018-04-23T00:54:28","slug":"faca-parte-dessa-historia","status":"publish","type":"page","link":"https:\/\/www.aeromissoes.com.br\/index.php\/faca-parte-dessa-historia\/","title":{"rendered":"Fa\u00e7a parte dessa hist\u00f3ria!"},"content":{"rendered":"<p>Inscri\u00e7\u00f5es para Processo Seletivo 2018 abertas!!!<\/p>\n<a class=\"maxbutton-1 maxbutton maxbutton-botao-pra-inscricoes\" target=\"_blank\" rel=\"noopener\" href=\"https:\/\/docs.google.com\/forms\/d\/e\/1FAIpQLScNIB3ozeWSNZ_3x5rFYdhHms_OYjWlIW4GGNwuwRkkKiWWQA\/viewform\"><span class='mb-text'>INSCRI\u00c7\u00d5ES<\/span><\/a>\n","protected":false},"excerpt":{"rendered":"<p>Inscri\u00e7\u00f5es para Processo Seletivo 2018 abertas!!!<\/p>\n","protected":false},"author":2,"featured_media":99,"parent":0,"menu_order":0,"comment_status":"closed","ping_status":"closed","template":"","meta":{"footnotes":""},"_links":{"self":[{"href":"https:\/\/www.aeromissoes.com.br\/index.php\/wp-json\/wp\/v2\/pages\/98"}],"collection":[{"href":"https:\/\/www.aeromissoes.com.br\/index.php\/wp-json\/wp\/v2\/pages"}],"about":[{"href":"https:\/\/www.aeromissoes.com.br\/index.php\/wp-json\/wp\/v2\/types\/page"}],"author":[{"embeddable":true,"href":"https:\/\/www.aeromissoes.com.br\/index.php\/wp-json\/wp\/v2\/users\/2"}],"replies":[{"embeddable":true,"href":"https:\/\/www.aeromissoes.com.br\/index.php\/wp-json\/wp\/v2\/comments?post=98"}],"version-history":[{"count":5,"href":"https:\/\/www.aeromissoes.com.br\/index.php\/wp-json\/wp\/v2\/pages\/98\/revisions"}],"predecessor-version":[{"id":120,"href":"https:\/\/www.aeromissoes.com.br\/index.php\/wp-json\/wp\/v2\/pages\/98\/revisions\/120"}],"wp:featuredmedia":[{"embeddable":true,"href":"https:\/\/www.aeromissoes.com.br\/index.php\/wp-json\/wp\/v2\/media\/99"}],"wp:attachment":[{"href":"https:\/\/www.aeromissoes.com.br\/index.php\/wp-json\/wp\/v2\/media?parent=98"}],"curies":[{"name":"wp","href":"https:\/\/api.w.org\/{rel}","templated":true}]}}